{"id":418,"date":"2024-07-26T01:42:29","date_gmt":"2024-07-26T01:42:29","guid":{"rendered":"https:\/\/legumlingua.com\/?page_id=418"},"modified":"2024-09-13T00:37:44","modified_gmt":"2024-09-13T00:37:44","slug":"contact-legal-translator","status":"publish","type":"page","link":"https:\/\/legumlingua.com\/de\/contact-legal-translator\/","title":{"rendered":"KONTAKT"},"content":{"rendered":"<p>[et_pb_section fb_built=&#8221;1&#8243; custom_padding_last_edited=&#8221;on|phone&#8221; _builder_version=&#8221;4.25.1&#8243; _module_preset=&#8221;default&#8221; custom_padding_tablet=&#8221;&#8221; custom_padding_phone=&#8221;0px||0px||false|false&#8221; global_colors_info=&#8221;{}&#8221;][et_pb_row _builder_version=&#8221;4.27.0&#8243; _module_preset=&#8221;default&#8221; width_tablet=&#8221;&#8221; width_phone=&#8221;100%&#8221; width_last_edited=&#8221;on|phone&#8221; hover_enabled=&#8221;0&#8243; locked=&#8221;off&#8221; global_colors_info=&#8221;{}&#8221; sticky_enabled=&#8221;0&#8243;][et_pb_column type=&#8221;4_4&#8243; _builder_version=&#8221;4.25.1&#8243; _module_preset=&#8221;default&#8221; global_colors_info=&#8221;{}&#8221;][et_pb_text module_class=&#8221;texto_en_linea&#8221; _builder_version=&#8221;4.27.0&#8243; _module_preset=&#8221;default&#8221; header_font=&#8221;Rubik|300|||||||&#8221; header_text_align=&#8221;center&#8221; header_text_color=&#8221;#0f1a2b&#8221; header_font_size=&#8221;35px&#8221; max_width=&#8221;70%&#8221; module_alignment=&#8221;center&#8221; custom_margin=&#8221;||30px||false|false&#8221; custom_padding=&#8221;||||false|false&#8221; animation_style=&#8221;fade&#8221; hover_enabled=&#8221;0&#8243; locked=&#8221;off&#8221; global_colors_info=&#8221;{}&#8221; header_font_size_last_edited=&#8221;on|phone&#8221; header_font_size_phone=&#8221;26px&#8221; sticky_enabled=&#8221;0&#8243; header_font_size_tablet=&#8221;35px&#8221;]<\/p>\n<div>\n<h1>Vielen Dank f\u00fcr die Gelegenheit <span>mit Ihnen zusammenzuarbeiten!<\/span><\/h1>\n<\/div>\n<p>[\/et_pb_text][et_pb_text _builder_version=&#8221;4.25.1&#8243; _module_preset=&#8221;default&#8221; text_font=&#8221;||||||||&#8221; text_text_color=&#8221;#000000&#8243; text_font_size=&#8221;18px&#8221; text_line_height=&#8221;1.6em&#8221; text_orientation=&#8221;center&#8221; max_width=&#8221;60%&#8221; module_alignment=&#8221;center&#8221; custom_margin=&#8221;||30px||false|false&#8221; animation_style=&#8221;fade&#8221; locked=&#8221;off&#8221; global_colors_info=&#8221;{}&#8221;]<\/p>\n<p><span data-metadata=\"&lt;!--(figmeta)eyJmaWxlS2V5IjoibEN1cTV4dGxWS1Q4ZTNDTUpLTWlsaCIsInBhc3RlSUQiOjkwOTU2Mjc2OSwiZGF0YVR5cGUiOiJzY2VuZSJ9Cg==(\/figmeta)--&gt;\"><\/span>Bitte kontaktieren Sie mich per E-Mail oder f\u00fcllen Sie mein Kontaktformular aus, um mit mir in Verbindung zu treten. Geben Sie bitte den gew\u00fcnschten Liefertermin an und f\u00fcgen Sie die Dokumente bei, die Sie \u00fcbersetzen lassen m\u00f6chten, damit ich Ihnen ein Angebot erstellen kann. Selbstverst\u00e4ndlich behandele ich alle Ihre Dokumente streng vertraulich.<\/p>\n<p>[\/et_pb_text][\/et_pb_column][\/et_pb_row][\/et_pb_section][et_pb_section fb_built=&#8221;1&#8243; _builder_version=&#8221;4.25.1&#8243; _module_preset=&#8221;default&#8221; background_color=&#8221;#FFFFFF&#8221; background_enable_image=&#8221;off&#8221; background_size=&#8221;contain&#8221; background_position=&#8221;center_left&#8221; custom_margin=&#8221;0px||0px||false|false&#8221; custom_padding=&#8221;0px||0px||false|false&#8221; locked=&#8221;off&#8221; global_colors_info=&#8221;{}&#8221;][et_pb_row column_structure=&#8221;2_5,3_5&#8243; use_custom_gutter=&#8221;on&#8221; gutter_width=&#8221;1&#8243; make_equal=&#8221;on&#8221; module_class=&#8221;columna_centrada&#8221; _builder_version=&#8221;4.27.0&#8243; _module_preset=&#8221;default&#8221; width=&#8221;100%&#8221; max_width=&#8221;100%&#8221; max_height=&#8221;535px&#8221; max_height_tablet=&#8221;535px&#8221; max_height_phone=&#8221;&#8221; max_height_last_edited=&#8221;on|phone&#8221; custom_margin=&#8221;0px||0px||false|false&#8221; custom_padding=&#8221;0px||0px||false|false&#8221; custom_css_main_element=&#8221;    overflow: hidden;||    position: relative;&#8221; global_colors_info=&#8221;{}&#8221;][et_pb_column type=&#8221;2_5&#8243; _builder_version=&#8221;4.25.1&#8243; _module_preset=&#8221;default&#8221; global_colors_info=&#8221;{}&#8221;][et_pb_image src=&#8221;https:\/\/legumlingua.com\/wp-content\/uploads\/2024\/08\/books_2.jpg&#8221; title_text=&#8221;books_2&#8243; align=&#8221;right&#8221; force_fullwidth=&#8221;on&#8221; _builder_version=&#8221;4.27.0&#8243; _module_preset=&#8221;default&#8221; animation_style=&#8221;slide&#8221; animation_direction=&#8221;left&#8221; animation_intensity_slide=&#8221;5%&#8221; global_colors_info=&#8221;{}&#8221;][\/et_pb_image][\/et_pb_column][et_pb_column type=&#8221;3_5&#8243; module_class=&#8221;columna_centrada&#8221; _builder_version=&#8221;4.25.1&#8243; _module_preset=&#8221;default&#8221; custom_padding=&#8221;|10%||10%|false|false&#8221; global_colors_info=&#8221;{}&#8221;][et_pb_contact_form captcha=&#8221;off&#8221; email=&#8221;agustina.gonzalez@legumlingua.com&#8221; success_message=&#8221;Your message has been sent successfully!&#8221; submit_button_text=&#8221;Send Message&#8221; _builder_version=&#8221;4.27.0&#8243; _module_preset=&#8221;default&#8221; _unique_id=&#8221;73c390cf-9c4f-4ccd-b50f-edc2169b207d&#8221; form_field_background_color=&#8221;#FFFFFF&#8221; form_field_text_color=&#8221;#0f1a2b&#8221; form_field_focus_background_color=&#8221;#FFFFFF&#8221; form_field_focus_text_color=&#8221;#0f1a2b&#8221; form_field_font=&#8221;Rubik||||||||&#8221; custom_button=&#8221;on&#8221; button_text_size=&#8221;12px&#8221; button_text_color=&#8221;#987950&#8243; button_bg_color=&#8221;RGBA(255,255,255,0)&#8221; button_border_color=&#8221;#987950&#8243; button_border_radius=&#8221;100px&#8221; button_letter_spacing=&#8221;2px&#8221; button_font=&#8221;Rubik|||on|||||&#8221; button_use_icon=&#8221;off&#8221; button_custom_margin=&#8221;30px||||false|false&#8221; button_custom_padding=&#8221;10px|50px|10px|50px|true|true&#8221; custom_margin_tablet=&#8221;&#8221; custom_margin_phone=&#8221;40px||40px||false|false&#8221; custom_margin_last_edited=&#8221;on|phone&#8221; animation_style=&#8221;slide&#8221; animation_direction=&#8221;right&#8221; animation_intensity_slide=&#8221;5%&#8221; custom_css_text_field=&#8221;border:solid 1px #987950&#8243; border_width_bottom=&#8221;1px&#8221; border_color_bottom=&#8221;#987950&#8243; global_colors_info=&#8221;{}&#8221; form_field_focus_text_color__hover_enabled=&#8221;off|desktop&#8221; button_text_color__hover=&#8221;#FFFFFF&#8221; button_text_color__hover_enabled=&#8221;on|desktop&#8221; button_bg_color__hover=&#8221;#987950&#8243; button_bg_color__hover_enabled=&#8221;on|desktop&#8221;][et_pb_contact_field field_id=&#8221;Name&#8221; field_title=&#8221;Name&#8221; allowed_symbols=&#8221;letters&#8221; fullwidth_field=&#8221;on&#8221; _builder_version=&#8221;4.25.1&#8243; global_colors_info=&#8221;{}&#8221; button_text_size__hover_enabled=&#8221;off&#8221; button_one_text_size__hover_enabled=&#8221;off&#8221; button_two_text_size__hover_enabled=&#8221;off&#8221; button_text_color__hover_enabled=&#8221;off&#8221; button_one_text_color__hover_enabled=&#8221;off&#8221; button_two_text_color__hover_enabled=&#8221;off&#8221; button_border_width__hover_enabled=&#8221;off&#8221; button_one_border_width__hover_enabled=&#8221;off&#8221; button_two_border_width__hover_enabled=&#8221;off&#8221; button_border_color__hover_enabled=&#8221;off&#8221; button_one_border_color__hover_enabled=&#8221;off&#8221; button_two_border_color__hover_enabled=&#8221;off&#8221; button_border_radius__hover_enabled=&#8221;off&#8221; button_one_border_radius__hover_enabled=&#8221;off&#8221; button_two_border_radius__hover_enabled=&#8221;off&#8221; button_letter_spacing__hover_enabled=&#8221;off&#8221; button_one_letter_spacing__hover_enabled=&#8221;off&#8221; button_two_letter_spacing__hover_enabled=&#8221;off&#8221; button_bg_color__hover_enabled=&#8221;off&#8221; button_one_bg_color__hover_enabled=&#8221;off&#8221; button_two_bg_color__hover_enabled=&#8221;off&#8221;][\/et_pb_contact_field][et_pb_contact_field field_id=&#8221;Email&#8221; field_title=&#8221;Email Address&#8221; field_type=&#8221;email&#8221; fullwidth_field=&#8221;on&#8221; _builder_version=&#8221;4.25.1&#8243; global_colors_info=&#8221;{}&#8221; button_text_size__hover_enabled=&#8221;off&#8221; button_one_text_size__hover_enabled=&#8221;off&#8221; button_two_text_size__hover_enabled=&#8221;off&#8221; button_text_color__hover_enabled=&#8221;off&#8221; button_one_text_color__hover_enabled=&#8221;off&#8221; button_two_text_color__hover_enabled=&#8221;off&#8221; button_border_width__hover_enabled=&#8221;off&#8221; button_one_border_width__hover_enabled=&#8221;off&#8221; button_two_border_width__hover_enabled=&#8221;off&#8221; button_border_color__hover_enabled=&#8221;off&#8221; button_one_border_color__hover_enabled=&#8221;off&#8221; button_two_border_color__hover_enabled=&#8221;off&#8221; button_border_radius__hover_enabled=&#8221;off&#8221; button_one_border_radius__hover_enabled=&#8221;off&#8221; button_two_border_radius__hover_enabled=&#8221;off&#8221; button_letter_spacing__hover_enabled=&#8221;off&#8221; button_one_letter_spacing__hover_enabled=&#8221;off&#8221; button_two_letter_spacing__hover_enabled=&#8221;off&#8221; button_bg_color__hover_enabled=&#8221;off&#8221; button_one_bg_color__hover_enabled=&#8221;off&#8221; button_two_bg_color__hover_enabled=&#8221;off&#8221;][\/et_pb_contact_field][et_pb_contact_field field_id=&#8221;Message&#8221; field_title=&#8221;Message&#8221; field_type=&#8221;text&#8221; fullwidth_field=&#8221;on&#8221; _builder_version=&#8221;4.16&#8243; global_colors_info=&#8221;{}&#8221; button_text_size__hover_enabled=&#8221;off&#8221; button_one_text_size__hover_enabled=&#8221;off&#8221; button_two_text_size__hover_enabled=&#8221;off&#8221; button_text_color__hover_enabled=&#8221;off&#8221; button_one_text_color__hover_enabled=&#8221;off&#8221; button_two_text_color__hover_enabled=&#8221;off&#8221; button_border_width__hover_enabled=&#8221;off&#8221; button_one_border_width__hover_enabled=&#8221;off&#8221; button_two_border_width__hover_enabled=&#8221;off&#8221; button_border_color__hover_enabled=&#8221;off&#8221; button_one_border_color__hover_enabled=&#8221;off&#8221; button_two_border_color__hover_enabled=&#8221;off&#8221; button_border_radius__hover_enabled=&#8221;off&#8221; button_one_border_radius__hover_enabled=&#8221;off&#8221; button_two_border_radius__hover_enabled=&#8221;off&#8221; button_letter_spacing__hover_enabled=&#8221;off&#8221; button_one_letter_spacing__hover_enabled=&#8221;off&#8221; button_two_letter_spacing__hover_enabled=&#8221;off&#8221; button_bg_color__hover_enabled=&#8221;off&#8221; button_one_bg_color__hover_enabled=&#8221;off&#8221; button_two_bg_color__hover_enabled=&#8221;off&#8221;][\/et_pb_contact_field][\/et_pb_contact_form][\/et_pb_column][\/et_pb_row][\/et_pb_section][et_pb_section fb_built=&#8221;1&#8243; _builder_version=&#8221;4.25.1&#8243; _module_preset=&#8221;default&#8221; background_color=&#8221;#eeecdd&#8221; z_index=&#8221;108&#8243; custom_padding=&#8221;0px|||||&#8221; locked=&#8221;off&#8221; global_colors_info=&#8221;{}&#8221;][et_pb_row _builder_version=&#8221;4.25.1&#8243; _module_preset=&#8221;default&#8221; custom_padding=&#8221;||51px|||&#8221; global_colors_info=&#8221;{}&#8221;][et_pb_column type=&#8221;4_4&#8243; _builder_version=&#8221;4.25.1&#8243; _module_preset=&#8221;default&#8221; global_colors_info=&#8221;{}&#8221;][et_pb_image src=&#8221;https:\/\/legumlingua.com\/wp-content\/uploads\/2024\/07\/icon_lL.svg&#8221; title_text=&#8221;icon_lL&#8221; align=&#8221;center&#8221; disabled_on=&#8221;on|on|off&#8221; _builder_version=&#8221;4.27.0&#8243; _module_preset=&#8221;default&#8221; positioning=&#8221;absolute&#8221; vertical_offset=&#8221;-111px&#8221; horizontal_offset=&#8221;493px&#8221; width=&#8221;9%&#8221; max_width=&#8221;100%&#8221; scroll_vertical_motion_enable=&#8221;on&#8221; scroll_vertical_motion=&#8221;0|50|50|100|-0.5|0|0.5&#8243; global_colors_info=&#8221;{}&#8221;][\/et_pb_image][\/et_pb_column][\/et_pb_row][et_pb_row _builder_version=&#8221;4.25.1&#8243; _module_preset=&#8221;default&#8221; width=&#8221;70%&#8221; width_tablet=&#8221;70%&#8221; width_phone=&#8221;100%&#8221; width_last_edited=&#8221;on|phone&#8221; custom_padding=&#8221;0px|||||&#8221; global_colors_info=&#8221;{}&#8221;][et_pb_column type=&#8221;4_4&#8243; _builder_version=&#8221;4.25.1&#8243; _module_preset=&#8221;default&#8221; global_colors_info=&#8221;{}&#8221;][et_pb_text module_class=&#8221;texto_en_linea&#8221; _builder_version=&#8221;4.25.1&#8243; _module_preset=&#8221;default&#8221; header_font=&#8221;Rubik|300|||||||&#8221; header_text_align=&#8221;left&#8221; header_text_color=&#8221;#0f1a2b&#8221; header_font_size=&#8221;35px&#8221; max_width=&#8221;70%&#8221; module_alignment=&#8221;center&#8221; custom_margin=&#8221;||30px||false|false&#8221; custom_padding=&#8221;||||false|false&#8221; animation_style=&#8221;fade&#8221; locked=&#8221;off&#8221; global_colors_info=&#8221;{}&#8221;]<\/p>\n<h1>N\u00e4chste Schritte<\/h1>\n<p>[\/et_pb_text][et_pb_text _builder_version=&#8221;4.25.1&#8243; _module_preset=&#8221;default&#8221; text_font=&#8221;||||||||&#8221; text_text_color=&#8221;#000000&#8243; text_font_size=&#8221;18px&#8221; text_line_height=&#8221;1.6em&#8221; max_width=&#8221;70%&#8221; module_alignment=&#8221;center&#8221; custom_margin=&#8221;||30px||false|false&#8221; animation_style=&#8221;fade&#8221; locked=&#8221;off&#8221; global_colors_info=&#8221;{}&#8221;]<\/p>\n<p><span data-metadata=\"&lt;!--(figmeta)eyJmaWxlS2V5IjoibEN1cTV4dGxWS1Q4ZTNDTUpLTWlsaCIsInBhc3RlSUQiOjkwOTU2Mjc2OSwiZGF0YVR5cGUiOiJzY2VuZSJ9Cg==(\/figmeta)--&gt;\"><\/span>Nach Pr\u00fcfung Ihres Dokuments werde ich Sie kontaktieren und Ihnen einen Kostenvoranschlag unterbreiten. Gemeinsam k\u00f6nnen wir dann die Details Ihres Projekts besprechen. Sie erhalten au\u00dferdem eine Kopie meiner Gesch\u00e4ftsbedingungen.\u00a0<\/p>\n<p>Sobald wir uns auf die Bedingungen f\u00fcr den Auftrag geeinigt haben, beginne ich mit der Bearbeitung Ihres Projekts. Nach der Fertigstellung Ihrer \u00dcbersetzung lektoriere ich sie anhand des Ausgangstextes und \u00fcberpr\u00fcfe dann erneut das Zieldokument (ein dreistufiger Qualit\u00e4tssicherungsprozess). Auf Wunsch kann ich eine externe \u00dcbersetzerin oder einen externen \u00dcbersetzer beauftragen, um meine \u00dcbersetzung zu \u00fcberpr\u00fcfen.<\/p>\n<p>[\/et_pb_text][et_pb_text _builder_version=&#8221;4.25.1&#8243; _module_preset=&#8221;default&#8221; header_2_font=&#8221;Rubik|300|||||||&#8221; header_2_text_color=&#8221;#987950&#8243; header_2_font_size=&#8221;23px&#8221; header_2_line_height=&#8221;1.3em&#8221; max_width=&#8221;70%&#8221; module_alignment=&#8221;center&#8221; custom_margin=&#8221;63px||28px|||&#8221; custom_padding=&#8221;||6px|||&#8221; animation_style=&#8221;fade&#8221; locked=&#8221;off&#8221; global_colors_info=&#8221;{}&#8221;]<\/p>\n<h2>Nach Lieferung der \u00dcbersetzung stehe ich Ihnen gerne f\u00fcr weitere Fragen zur Verf\u00fcgung.<\/h2>\n<p>[\/et_pb_text][et_pb_text _builder_version=&#8221;4.27.0&#8243; _module_preset=&#8221;default&#8221; text_font=&#8221;Bon||||||||&#8221; text_text_color=&#8221;#0f1a2b&#8221; text_font_size=&#8221;44px&#8221; max_width=&#8221;70%&#8221; module_alignment=&#8221;center&#8221; custom_margin=&#8221;92px|||||&#8221; animation_style=&#8221;fade&#8221; hover_enabled=&#8221;0&#8243; text_font_size_phone=&#8221;33px&#8221; text_line_height_tablet=&#8221;&#8221; text_line_height_phone=&#8221;1.2em&#8221; text_line_height_last_edited=&#8221;on|phone&#8221; locked=&#8221;off&#8221; global_colors_info=&#8221;{}&#8221; text_orientation_last_edited=&#8221;on|phone&#8221; text_orientation_phone=&#8221;center&#8221; sticky_enabled=&#8221;0&#8243;]<\/p>\n<p>Ich freue mich auf unsere Zusammenarbeit!<\/p>\n<p>[\/et_pb_text][\/et_pb_column][\/et_pb_row][\/et_pb_section]<\/p>","protected":false},"excerpt":{"rendered":"<p>I\u2019m delighted for us to work together! Please contact me by email or fill in my contact form to get in touch. Be sure to mention your desired delivery date and attach the documents you want to have translated, so I can provide you with a quote. Rest assured that I\u2019ll keep all your documents [&hellip;]<\/p>","protected":false},"author":1,"featured_media":425,"parent":0,"menu_order":0,"comment_status":"closed","ping_status":"closed","template":"","meta":{"_et_pb_use_builder":"on","_et_pb_old_content":"","_et_gb_content_width":"","inline_featured_image":false,"footnotes":""},"class_list":["post-418","page","type-page","status-publish","has-post-thumbnail","hentry"],"yoast_head":"<!-- This site is optimized with the Yoast SEO plugin v23.4 - https:\/\/yoast.com\/wordpress\/plugins\/seo\/ -->\n<title>Work With Me - Legum Lingua Translations<\/title>\n<meta name=\"description\" content=\"Get in touch with LegumLingua for expert legal translations and personalized quotes. We&#039;re here to assist with your legal documents.\" \/>\n<meta name=\"robots\" content=\"index, follow, max-snippet:-1, max-image-preview:large, max-video-preview:-1\" \/>\n<link rel=\"canonical\" href=\"https:\/\/legumlingua.com\/de\/contact-legal-translator\/\" \/>\n<meta property=\"og:locale\" content=\"de_DE\" \/>\n<meta property=\"og:type\" content=\"article\" \/>\n<meta property=\"og:title\" content=\"Work With Me - Legum Lingua Translations\" \/>\n<meta property=\"og:description\" content=\"Get in touch with LegumLingua for expert legal translations and personalized quotes. We&#039;re here to assist with your legal documents.\" \/>\n<meta property=\"og:url\" content=\"https:\/\/legumlingua.com\/de\/contact-legal-translator\/\" \/>\n<meta property=\"og:site_name\" content=\"Legum Lingua Translations\" \/>\n<meta property=\"article:modified_time\" content=\"2024-09-13T00:37:44+00:00\" \/>\n<meta property=\"og:image\" content=\"https:\/\/legumlingua.com\/wp-content\/uploads\/2024\/08\/uuid-05a5e8c0-4a57-45aa-8ad0-1eba275e1420.png\" \/>\n\t<meta property=\"og:image:width\" content=\"403\" \/>\n\t<meta property=\"og:image:height\" content=\"334\" \/>\n\t<meta property=\"og:image:type\" content=\"image\/png\" \/>\n<meta name=\"twitter:card\" content=\"summary_large_image\" \/>\n<meta name=\"twitter:label1\" content=\"Gesch\u00e4tzte Lesezeit\" \/>\n\t<meta name=\"twitter:data1\" content=\"2\u00a0Minuten\" \/>\n<script type=\"application\/ld+json\" class=\"yoast-schema-graph\">{\"@context\":\"https:\/\/schema.org\",\"@graph\":[{\"@type\":\"WebPage\",\"@id\":\"https:\/\/legumlingua.com\/contact-legal-translator\/\",\"url\":\"https:\/\/legumlingua.com\/contact-legal-translator\/\",\"name\":\"Work With Me - Legum Lingua Translations\",\"isPartOf\":{\"@id\":\"https:\/\/legumlingua.com\/#website\"},\"primaryImageOfPage\":{\"@id\":\"https:\/\/legumlingua.com\/contact-legal-translator\/#primaryimage\"},\"image\":{\"@id\":\"https:\/\/legumlingua.com\/contact-legal-translator\/#primaryimage\"},\"thumbnailUrl\":\"https:\/\/legumlingua.com\/wp-content\/uploads\/2024\/07\/icon_lL.svg\",\"datePublished\":\"2024-07-26T01:42:29+00:00\",\"dateModified\":\"2024-09-13T00:37:44+00:00\",\"description\":\"Get in touch with LegumLingua for expert legal translations and personalized quotes. We're here to assist with your legal documents.\",\"breadcrumb\":{\"@id\":\"https:\/\/legumlingua.com\/contact-legal-translator\/#breadcrumb\"},\"inLanguage\":\"de\",\"potentialAction\":[{\"@type\":\"ReadAction\",\"target\":[\"https:\/\/legumlingua.com\/contact-legal-translator\/\"]}]},{\"@type\":\"ImageObject\",\"inLanguage\":\"de\",\"@id\":\"https:\/\/legumlingua.com\/contact-legal-translator\/#primaryimage\",\"url\":\"https:\/\/legumlingua.com\/wp-content\/uploads\/2024\/07\/icon_lL.svg\",\"contentUrl\":\"https:\/\/legumlingua.com\/wp-content\/uploads\/2024\/07\/icon_lL.svg\",\"width\":196,\"height\":196},{\"@type\":\"BreadcrumbList\",\"@id\":\"https:\/\/legumlingua.com\/contact-legal-translator\/#breadcrumb\",\"itemListElement\":[{\"@type\":\"ListItem\",\"position\":1,\"name\":\"Home\",\"item\":\"https:\/\/legumlingua.com\/\"},{\"@type\":\"ListItem\",\"position\":2,\"name\":\"Work With Me\"}]},{\"@type\":\"WebSite\",\"@id\":\"https:\/\/legumlingua.com\/#website\",\"url\":\"https:\/\/legumlingua.com\/\",\"name\":\"Legum Lingua Translations\",\"description\":\"Expert Legal Translations with Precision and Confidentiality\",\"publisher\":{\"@id\":\"https:\/\/legumlingua.com\/#organization\"},\"alternateName\":\"LegumLingua\",\"potentialAction\":[{\"@type\":\"SearchAction\",\"target\":{\"@type\":\"EntryPoint\",\"urlTemplate\":\"https:\/\/legumlingua.com\/?s={search_term_string}\"},\"query-input\":{\"@type\":\"PropertyValueSpecification\",\"valueRequired\":true,\"valueName\":\"search_term_string\"}}],\"inLanguage\":\"de\"},{\"@type\":\"Organization\",\"@id\":\"https:\/\/legumlingua.com\/#organization\",\"name\":\"Legum Lingua Translations\",\"alternateName\":\"Legum Lingua\",\"url\":\"https:\/\/legumlingua.com\/\",\"logo\":{\"@type\":\"ImageObject\",\"inLanguage\":\"de\",\"@id\":\"https:\/\/legumlingua.com\/#\/schema\/logo\/image\/\",\"url\":\"https:\/\/legumlingua.com\/wp-content\/uploads\/2024\/05\/LegumLingua_logo.svg\",\"contentUrl\":\"https:\/\/legumlingua.com\/wp-content\/uploads\/2024\/05\/LegumLingua_logo.svg\",\"width\":494,\"height\":99,\"caption\":\"Legum Lingua Translations\"},\"image\":{\"@id\":\"https:\/\/legumlingua.com\/#\/schema\/logo\/image\/\"},\"sameAs\":[\"https:\/\/www.linkedin.com\/in\/agustina-gonzlez-grucci\"]}]}<\/script>\n<!-- \/ Yoast SEO plugin. -->","yoast_head_json":{"title":"Work With Me - Legum Lingua Translations","description":"Get in touch with LegumLingua for expert legal translations and personalized quotes. We're here to assist with your legal documents.","robots":{"index":"index","follow":"follow","max-snippet":"max-snippet:-1","max-image-preview":"max-image-preview:large","max-video-preview":"max-video-preview:-1"},"canonical":"https:\/\/legumlingua.com\/de\/contact-legal-translator\/","og_locale":"de_DE","og_type":"article","og_title":"Work With Me - Legum Lingua Translations","og_description":"Get in touch with LegumLingua for expert legal translations and personalized quotes. We're here to assist with your legal documents.","og_url":"https:\/\/legumlingua.com\/de\/contact-legal-translator\/","og_site_name":"Legum Lingua Translations","article_modified_time":"2024-09-13T00:37:44+00:00","og_image":[{"width":403,"height":334,"url":"https:\/\/legumlingua.com\/wp-content\/uploads\/2024\/08\/uuid-05a5e8c0-4a57-45aa-8ad0-1eba275e1420.png","type":"image\/png"}],"twitter_card":"summary_large_image","twitter_misc":{"Gesch\u00e4tzte Lesezeit":"2\u00a0Minuten"},"schema":{"@context":"https:\/\/schema.org","@graph":[{"@type":"WebPage","@id":"https:\/\/legumlingua.com\/contact-legal-translator\/","url":"https:\/\/legumlingua.com\/contact-legal-translator\/","name":"Work With Me - Legum Lingua Translations","isPartOf":{"@id":"https:\/\/legumlingua.com\/#website"},"primaryImageOfPage":{"@id":"https:\/\/legumlingua.com\/contact-legal-translator\/#primaryimage"},"image":{"@id":"https:\/\/legumlingua.com\/contact-legal-translator\/#primaryimage"},"thumbnailUrl":"https:\/\/legumlingua.com\/wp-content\/uploads\/2024\/07\/icon_lL.svg","datePublished":"2024-07-26T01:42:29+00:00","dateModified":"2024-09-13T00:37:44+00:00","description":"Get in touch with LegumLingua for expert legal translations and personalized quotes. We're here to assist with your legal documents.","breadcrumb":{"@id":"https:\/\/legumlingua.com\/contact-legal-translator\/#breadcrumb"},"inLanguage":"de","potentialAction":[{"@type":"ReadAction","target":["https:\/\/legumlingua.com\/contact-legal-translator\/"]}]},{"@type":"ImageObject","inLanguage":"de","@id":"https:\/\/legumlingua.com\/contact-legal-translator\/#primaryimage","url":"https:\/\/legumlingua.com\/wp-content\/uploads\/2024\/07\/icon_lL.svg","contentUrl":"https:\/\/legumlingua.com\/wp-content\/uploads\/2024\/07\/icon_lL.svg","width":196,"height":196},{"@type":"BreadcrumbList","@id":"https:\/\/legumlingua.com\/contact-legal-translator\/#breadcrumb","itemListElement":[{"@type":"ListItem","position":1,"name":"Home","item":"https:\/\/legumlingua.com\/"},{"@type":"ListItem","position":2,"name":"Work With Me"}]},{"@type":"WebSite","@id":"https:\/\/legumlingua.com\/#website","url":"https:\/\/legumlingua.com\/","name":"Legum Lingua Translations","description":"Expert Legal Translations with Precision and Confidentiality","publisher":{"@id":"https:\/\/legumlingua.com\/#organization"},"alternateName":"LegumLingua","potentialAction":[{"@type":"SearchAction","target":{"@type":"EntryPoint","urlTemplate":"https:\/\/legumlingua.com\/?s={search_term_string}"},"query-input":{"@type":"PropertyValueSpecification","valueRequired":true,"valueName":"search_term_string"}}],"inLanguage":"de"},{"@type":"Organization","@id":"https:\/\/legumlingua.com\/#organization","name":"Legum Lingua Translations","alternateName":"Legum Lingua","url":"https:\/\/legumlingua.com\/","logo":{"@type":"ImageObject","inLanguage":"de","@id":"https:\/\/legumlingua.com\/#\/schema\/logo\/image\/","url":"https:\/\/legumlingua.com\/wp-content\/uploads\/2024\/05\/LegumLingua_logo.svg","contentUrl":"https:\/\/legumlingua.com\/wp-content\/uploads\/2024\/05\/LegumLingua_logo.svg","width":494,"height":99,"caption":"Legum Lingua Translations"},"image":{"@id":"https:\/\/legumlingua.com\/#\/schema\/logo\/image\/"},"sameAs":["https:\/\/www.linkedin.com\/in\/agustina-gonzlez-grucci"]}]}},"_links":{"self":[{"href":"https:\/\/legumlingua.com\/de\/wp-json\/wp\/v2\/pages\/418","targetHints":{"allow":["GET"]}}],"collection":[{"href":"https:\/\/legumlingua.com\/de\/wp-json\/wp\/v2\/pages"}],"about":[{"href":"https:\/\/legumlingua.com\/de\/wp-json\/wp\/v2\/types\/page"}],"author":[{"embeddable":true,"href":"https:\/\/legumlingua.com\/de\/wp-json\/wp\/v2\/users\/1"}],"replies":[{"embeddable":true,"href":"https:\/\/legumlingua.com\/de\/wp-json\/wp\/v2\/comments?post=418"}],"version-history":[{"count":16,"href":"https:\/\/legumlingua.com\/de\/wp-json\/wp\/v2\/pages\/418\/revisions"}],"predecessor-version":[{"id":826,"href":"https:\/\/legumlingua.com\/de\/wp-json\/wp\/v2\/pages\/418\/revisions\/826"}],"wp:featuredmedia":[{"embeddable":true,"href":"https:\/\/legumlingua.com\/de\/wp-json\/wp\/v2\/media\/425"}],"wp:attachment":[{"href":"https:\/\/legumlingua.com\/de\/wp-json\/wp\/v2\/media?parent=418"}],"curies":[{"name":"wp","href":"https:\/\/api.w.org\/{rel}","templated":true}]}}